{"id":509,"date":"2025-02-24T11:49:11","date_gmt":"2025-02-24T11:49:11","guid":{"rendered":"https:\/\/gebska.pl\/?page_id=509"},"modified":"2025-02-24T11:49:12","modified_gmt":"2025-02-24T11:49:12","slug":"autorzy","status":"publish","type":"page","link":"https:\/\/gebska.pl\/ro\/autorzy\/","title":{"rendered":"Autori"},"content":{"rendered":"","protected":false},"excerpt":{"rendered":"","protected":false},"author":1,"featured_media":0,"parent":0,"menu_order":0,"comment_status":"closed","ping_status":"closed","template":"","meta":{"_acf_changed":false,"footnotes":""},"class_list":["post-509","page","type-page","status-publish","hentry"],"acf":[],"yoast_head":"<!-- This site is optimized with the Yoast SEO plugin v23.2 - https:\/\/yoast.com\/wordpress\/plugins\/seo\/ -->\n<title>Autorzy - gebska.pl<\/title>\n<meta name=\"robots\" content=\"index, follow, max-snippet:-1, max-image-preview:large, max-video-preview:-1\" \/>\n<link rel=\"canonical\" href=\"https:\/\/gebska.pl\/ro\/autorzy\/\" \/>\n<meta property=\"og:locale\" content=\"ro_RO\" \/>\n<meta property=\"og:type\" content=\"article\" \/>\n<meta property=\"og:title\" content=\"Autorzy - gebska.pl\" \/>\n<meta property=\"og:url\" content=\"https:\/\/gebska.pl\/ro\/autorzy\/\" \/>\n<meta property=\"og:site_name\" content=\"gebska.pl\" \/>\n<meta property=\"article:modified_time\" content=\"2025-02-24T11:49:12+00:00\" \/>\n<meta name=\"twitter:card\" content=\"summary_large_image\" \/>\n<script type=\"application\/ld+json\" class=\"yoast-schema-graph\">{\"@context\":\"https:\/\/schema.org\",\"@graph\":[{\"@type\":\"WebPage\",\"@id\":\"https:\/\/gebska.pl\/autorzy\/\",\"url\":\"https:\/\/gebska.pl\/autorzy\/\",\"name\":\"Autorzy - gebska.pl\",\"isPartOf\":{\"@id\":\"https:\/\/gebska.pl\/#website\"},\"datePublished\":\"2025-02-24T11:49:11+00:00\",\"dateModified\":\"2025-02-24T11:49:12+00:00\",\"breadcrumb\":{\"@id\":\"https:\/\/gebska.pl\/autorzy\/#breadcrumb\"},\"inLanguage\":\"ro-RO\",\"potentialAction\":[{\"@type\":\"ReadAction\",\"target\":[\"https:\/\/gebska.pl\/autorzy\/\"]}]},{\"@type\":\"BreadcrumbList\",\"@id\":\"https:\/\/gebska.pl\/autorzy\/#breadcrumb\",\"itemListElement\":[{\"@type\":\"ListItem\",\"position\":1,\"name\":\"Home\",\"item\":\"https:\/\/gebska.pl\/\"},{\"@type\":\"ListItem\",\"position\":2,\"name\":\"Autorzy\"}]},{\"@type\":\"WebSite\",\"@id\":\"https:\/\/gebska.pl\/#website\",\"url\":\"https:\/\/gebska.pl\/\",\"name\":\"gebska.pl\",\"description\":\"Bielizna na ka\u017cd\u0105 okazj\u0119: komfort, styl i Twoje indywidualne potrzeby.\",\"potentialAction\":[{\"@type\":\"SearchAction\",\"target\":{\"@type\":\"EntryPoint\",\"urlTemplate\":\"https:\/\/gebska.pl\/?s={search_term_string}\"},\"query-input\":\"required name=search_term_string\"}],\"inLanguage\":\"ro-RO\"}]}<\/script>\n<!-- \/ Yoast SEO plugin. -->","yoast_head_json":{"title":"Autorzy - gebska.pl","robots":{"index":"index","follow":"follow","max-snippet":"max-snippet:-1","max-image-preview":"max-image-preview:large","max-video-preview":"max-video-preview:-1"},"canonical":"https:\/\/gebska.pl\/ro\/autorzy\/","og_locale":"ro_RO","og_type":"article","og_title":"Autorzy - gebska.pl","og_url":"https:\/\/gebska.pl\/ro\/autorzy\/","og_site_name":"gebska.pl","article_modified_time":"2025-02-24T11:49:12+00:00","twitter_card":"summary_large_image","schema":{"@context":"https:\/\/schema.org","@graph":[{"@type":"WebPage","@id":"https:\/\/gebska.pl\/autorzy\/","url":"https:\/\/gebska.pl\/autorzy\/","name":"Autorzy - gebska.pl","isPartOf":{"@id":"https:\/\/gebska.pl\/#website"},"datePublished":"2025-02-24T11:49:11+00:00","dateModified":"2025-02-24T11:49:12+00:00","breadcrumb":{"@id":"https:\/\/gebska.pl\/autorzy\/#breadcrumb"},"inLanguage":"ro-RO","potentialAction":[{"@type":"ReadAction","target":["https:\/\/gebska.pl\/autorzy\/"]}]},{"@type":"BreadcrumbList","@id":"https:\/\/gebska.pl\/autorzy\/#breadcrumb","itemListElement":[{"@type":"ListItem","position":1,"name":"Home","item":"https:\/\/gebska.pl\/"},{"@type":"ListItem","position":2,"name":"Autorzy"}]},{"@type":"WebSite","@id":"https:\/\/gebska.pl\/#website","url":"https:\/\/gebska.pl\/","name":"gebska.pl","description":"Bielizna na ka\u017cd\u0105 okazj\u0119: komfort, styl i Twoje indywidualne potrzeby.","potentialAction":[{"@type":"SearchAction","target":{"@type":"EntryPoint","urlTemplate":"https:\/\/gebska.pl\/?s={search_term_string}"},"query-input":"required name=search_term_string"}],"inLanguage":"ro-RO"}]}},"yoast_meta":{"yoast_wpseo_title":"","yoast_wpseo_metadesc":"","yoast_wpseo_canonical":"https:\/\/gebska.pl\/ro\/wp-json\/wp\/v2\/pages\/509"},"_links":{"self":[{"href":"https:\/\/gebska.pl\/ro\/wp-json\/wp\/v2\/pages\/509"}],"collection":[{"href":"https:\/\/gebska.pl\/ro\/wp-json\/wp\/v2\/pages"}],"about":[{"href":"https:\/\/gebska.pl\/ro\/wp-json\/wp\/v2\/types\/page"}],"author":[{"embeddable":true,"href":"https:\/\/gebska.pl\/ro\/wp-json\/wp\/v2\/users\/1"}],"replies":[{"embeddable":true,"href":"https:\/\/gebska.pl\/ro\/wp-json\/wp\/v2\/comments?post=509"}],"version-history":[{"count":1,"href":"https:\/\/gebska.pl\/ro\/wp-json\/wp\/v2\/pages\/509\/revisions"}],"predecessor-version":[{"id":529,"href":"https:\/\/gebska.pl\/ro\/wp-json\/wp\/v2\/pages\/509\/revisions\/529"}],"wp:attachment":[{"href":"https:\/\/gebska.pl\/ro\/wp-json\/wp\/v2\/media?parent=509"}],"curies":[{"name":"wp","href":"https:\/\/api.w.org\/{rel}","templated":true}]}}